{"id":734,"date":"2018-07-26T10:49:22","date_gmt":"2018-07-26T13:49:22","guid":{"rendered":"https:\/\/escueladecine9017-mza.infd.edu.ar\/sitio\/?page_id=734"},"modified":"2021-07-30T19:02:15","modified_gmt":"2021-07-30T22:02:15","slug":"plan-de-estudio","status":"publish","type":"page","link":"https:\/\/escueladecine9017-infd.mendoza.edu.ar\/sitio\/catalogo\/plan-de-estudio\/","title":{"rendered":"Plan de estudio"},"content":{"rendered":"<h4>Tecnicatura Superior en Cine, Video y Televisi\u00f3n<\/h4>\n<ul>\n<li>\n<pre>Acerca de la carrera<\/pre>\n<p><strong>T\u00edtulo que otorga<\/strong>: T\u00e9cnico Superior en Cine, Video y Televisi\u00f3n<br \/><strong>Carga Horaria:<\/strong> 3660 horas C\u00e1tedra equivalentes a 2440 horas Reloj.<br \/><strong>Modalidad:<\/strong> Presencial &#8211; Virtual<br \/><strong>Formato de la Carrera:<\/strong> Disciplinar.<br \/><strong>Duraci\u00f3n:<\/strong> 4 a\u00f1os.<\/p>\n<\/li>\n<li>\n<pre>Perfil del Egresada\/o<\/pre>\n<\/li>\n<\/ul>\n<p style=\"padding-left: 40px;\">Puede desempe\u00f1arse dentro de los medios audiovisuales en: \u00c1reas espec\u00edficas o roles (Gui\u00f3n, Direcci\u00f3n, Producci\u00f3n, Direcci\u00f3n de Fotograf\u00eda, Direcci\u00f3n de Arte, Montaje, Sonido) ya que cuentan con formaci\u00f3n integral. Puede dirigir actores, trabajar como camar\u00f3grafa\/o, iluminadora\/or, microfonista, editor\/a de imagen y\/o sonido, maquilladora\/or y todos los puestos que comprenden una realizaci\u00f3n audiovisual.<\/p>\n<p style=\"padding-left: 40px;\">Puede insertarse en cualquier empresa privada o p\u00fablica: estudios de cine, canales de aire, cable, comunitarios, provinciales o municipales. Tambi\u00e9n, puede ser contratado en organismos p\u00fablicos en los departamentos de producci\u00f3n audiovisual o prensa.<\/p>\n<ul>\n<li>\n<pre>Plan de estudios<\/pre>\n<\/li>\n<\/ul>\n<p style=\"padding-left: 40px;\"><div  class=\"lgc-column lgc-grid-parent lgc-grid-50 lgc-tablet-grid-50 lgc-mobile-grid-100 lgc-equal-heights \"><div  class=\"inside-grid-column\">\n<p><strong>Primer A\u00f1o<\/strong><br \/>Lenguaje Audiovisual<br \/>Guion I<br \/>Realizaci\u00f3n I<br \/>Producci\u00f3n I<br \/>Teor\u00eda y T\u00e9cnica del Montaje<br \/>Sonido I<br \/>Tecnolog\u00eda Audiovisual I<br \/>Iluminaci\u00f3n y C\u00e1mara<br \/>Direcci\u00f3n de Actores ante C\u00e1maras I<br \/>Historia del Arte<br \/>TIC<br \/>Pr\u00e1ctica Profesionalizante I (Tutor\u00eda en Campo)<\/p>\n<p><strong>Segundo A\u00f1o<\/strong><br \/>Guion II<br \/>Realizaci\u00f3n II<br \/>Producci\u00f3n II<br \/>Direcci\u00f3n de Fotograf\u00eda<br \/>Historia del Lenguaje Cinematogr\u00e1fico<br \/>Montaje<br \/>Sonido II<br \/>Tecnolog\u00eda Audiovisual II<br \/>Direcci\u00f3n de Actores ante C\u00e1maras II<br \/>Direcci\u00f3n de Arte y Ambientaci\u00f3n<br \/>Maquillaje y Vestuario<br \/>Pr\u00e1ctica Profesionalizante II<\/p>\n<p><\/p><\/div><\/div>\n<p style=\"padding-left: 40px;\"><div  class=\"lgc-column lgc-grid-parent lgc-grid-50 lgc-tablet-grid-50 lgc-mobile-grid-100 lgc-equal-heights \"><div  class=\"inside-grid-column\">\n<p><strong>Tercer A\u00f1o<\/strong><br \/>Guion III<br \/>Realizaci\u00f3n III<br \/>Ingl\u00e9s T\u00e9cnico<br \/>Realizaci\u00f3n de TV<br \/>Producci\u00f3n de TV<br \/>Teor\u00eda del Cine y la TV<br \/>Direcci\u00f3n de Arte<br \/>Escenograf\u00eda y Utiler\u00eda<br \/>Maquillaje y Vestuario<br \/>Semi\u00f3tica<br \/>Est\u00e9tica<br \/>Problem\u00e1tica Socio Cultural y el Contexto<br \/>Animaci\u00f3n I<br \/>Pr\u00e1ctica Profesionalizante III<\/p>\n<p><strong>Cuarto A\u00f1o<\/strong><br \/>Producci\u00f3n III<br \/>Tutor\u00eda de Guion<br \/>Tutor\u00eda de Direcci\u00f3n<br \/>Postproducci\u00f3n de Imagen<br \/>Animaci\u00f3n II<br \/>G\u00e9neros Visuales Contempor\u00e1neos<br \/>Historia del Cine Argentino y Latinoamericano<br \/>Historia de la Cultura Argentina<br \/>Postproducci\u00f3n de Sonido<br \/>Taller de Direcci\u00f3n de Actores<br \/>Pr\u00e1ctica Profesionalizante Final<br \/><\/p><\/div><\/div>\n\n\n<p><\/p>\n","protected":false},"excerpt":{"rendered":"<p>Tecnicatura Superior en Cine, Video y Televisi\u00f3n Acerca de la carrera T\u00edtulo que otorga: T\u00e9cnico Superior en Cine, Video y Televisi\u00f3nCarga Horaria: 3660 horas C\u00e1tedra equivalentes a 2440 horas Reloj.Modalidad: Presencial &#8211; VirtualFormato de la Carrera: Disciplinar.Duraci\u00f3n: 4 a\u00f1os. Perfil del Egresada\/o Puede desempe\u00f1arse dentro de los medios audiovisuales en: \u00c1reas espec\u00edficas o roles (Gui\u00f3n, &#8230; <a title=\"Plan de estudio\" class=\"read-more\" href=\"https:\/\/escueladecine9017-infd.mendoza.edu.ar\/sitio\/catalogo\/plan-de-estudio\/\" aria-label=\"More on Plan de estudio\">[+]<\/a><\/p>\n","protected":false},"author":6,"featured_media":0,"parent":644,"menu_order":0,"comment_status":"closed","ping_status":"closed","template":"","meta":[],"acf":[],"_links":{"self":[{"href":"https:\/\/escueladecine9017-infd.mendoza.edu.ar\/sitio\/wp-json\/wp\/v2\/pages\/734"}],"collection":[{"href":"https:\/\/escueladecine9017-infd.mendoza.edu.ar\/sitio\/wp-json\/wp\/v2\/pages"}],"about":[{"href":"https:\/\/escueladecine9017-infd.mendoza.edu.ar\/sitio\/wp-json\/wp\/v2\/types\/page"}],"author":[{"embeddable":true,"href":"https:\/\/escueladecine9017-infd.mendoza.edu.ar\/sitio\/wp-json\/wp\/v2\/users\/6"}],"replies":[{"embeddable":true,"href":"https:\/\/escueladecine9017-infd.mendoza.edu.ar\/sitio\/wp-json\/wp\/v2\/comments?post=734"}],"version-history":[{"count":19,"href":"https:\/\/escueladecine9017-infd.mendoza.edu.ar\/sitio\/wp-json\/wp\/v2\/pages\/734\/revisions"}],"predecessor-version":[{"id":839,"href":"https:\/\/escueladecine9017-infd.mendoza.edu.ar\/sitio\/wp-json\/wp\/v2\/pages\/734\/revisions\/839"}],"up":[{"embeddable":true,"href":"https:\/\/escueladecine9017-infd.mendoza.edu.ar\/sitio\/wp-json\/wp\/v2\/pages\/644"}],"wp:attachment":[{"href":"https:\/\/escueladecine9017-infd.mendoza.edu.ar\/sitio\/wp-json\/wp\/v2\/media?parent=734"}],"curies":[{"name":"wp","href":"https:\/\/api.w.org\/{rel}","templated":true}]}}